{"id":13180,"date":"2023-10-28T20:08:44","date_gmt":"2023-10-28T20:08:44","guid":{"rendered":"https:\/\/chriswildphoto.com\/?post_type=product&#038;p=13180"},"modified":"2024-04-08T13:47:35","modified_gmt":"2024-04-08T13:47:35","slug":"schrecksee-in-hinterstein-at-sunset","status":"publish","type":"product","link":"https:\/\/chriswildphoto.com\/de\/produkt\/schrecksee-in-hinterstein-at-sunset\/","title":{"rendered":"Schrecksee in Hinterstein bei Bad Hindelang bei Sonnenuntergang"},"content":{"rendered":"","protected":false},"excerpt":{"rendered":"<p>Der Schrecksee ist einer der sch\u00f6nsten Bergseen der Allg\u00e4uer Alpen. Ein t\u00fcrkisfarbener Alpensee, umgeben von Grash\u00e4ngen, mit einer kleinen Insel, mitten im Naturschutzgebiet Allg\u00e4uer Hochalpen.<\/p>\n<p>Der See liegt auf 1.813 m in einem beckenartigen Hochtal, das im Osten von Knappenkopf, Kirchendach und K\u00e4lbelespitze, im S\u00fcden von Kastenkopf und Lahnerkopf und im Westen vom \u00c4lpelekopf begrenzt wird. Der Talkessel \u00f6ffnet sich nach Nordwesten: Nach einer kleinen Schwelle f\u00e4llt das Gel\u00e4nde 300 Meter in einer Felsstufe zur Taufersalpe ab.<\/p>","protected":false},"featured_media":13212,"template":"","meta":[],"product_brand":[],"product_cat":[33],"product_tag":[],"class_list":{"0":"post-13180","1":"product","2":"type-product","3":"status-publish","4":"has-post-thumbnail","6":"product_cat-fine-art-print","8":"first","9":"instock","10":"shipping-taxable","11":"product-type-simple"},"_links":{"self":[{"href":"https:\/\/chriswildphoto.com\/de\/wp-json\/wp\/v2\/product\/13180","targetHints":{"allow":["GET"]}}],"collection":[{"href":"https:\/\/chriswildphoto.com\/de\/wp-json\/wp\/v2\/product"}],"about":[{"href":"https:\/\/chriswildphoto.com\/de\/wp-json\/wp\/v2\/types\/product"}],"version-history":[{"count":1,"href":"https:\/\/chriswildphoto.com\/de\/wp-json\/wp\/v2\/product\/13180\/revisions"}],"predecessor-version":[{"id":13182,"href":"https:\/\/chriswildphoto.com\/de\/wp-json\/wp\/v2\/product\/13180\/revisions\/13182"}],"wp:featuredmedia":[{"embeddable":true,"href":"https:\/\/chriswildphoto.com\/de\/wp-json\/wp\/v2\/media\/13212"}],"wp:attachment":[{"href":"https:\/\/chriswildphoto.com\/de\/wp-json\/wp\/v2\/media?parent=13180"}],"wp:term":[{"taxonomy":"product_brand","embeddable":true,"href":"https:\/\/chriswildphoto.com\/de\/wp-json\/wp\/v2\/product_brand?post=13180"},{"taxonomy":"product_cat","embeddable":true,"href":"https:\/\/chriswildphoto.com\/de\/wp-json\/wp\/v2\/product_cat?post=13180"},{"taxonomy":"product_tag","embeddable":true,"href":"https:\/\/chriswildphoto.com\/de\/wp-json\/wp\/v2\/product_tag?post=13180"}],"curies":[{"name":"wp","href":"https:\/\/api.w.org\/{rel}","templated":true}]}}