{"id":2049,"date":"2018-09-19T06:10:33","date_gmt":"2018-09-19T06:10:33","guid":{"rendered":"http:\/\/localhost\/myphpUbuntu\/WordPress\/ChrisWildPhotography\/?post_type=product&#038;p=1475"},"modified":"2024-04-08T13:48:38","modified_gmt":"2024-04-08T13:48:38","slug":"st-mang-bridge-illertor-burghalde-kempten-fine-art","status":"publish","type":"product","link":"https:\/\/chriswildphoto.com\/de\/produkt\/st-mang-bridge-illertor-burghalde-kempten-fine-art\/","title":{"rendered":"Kemptener St. Mang-Br\u00fccke zur Blauen Stunde"},"content":{"rendered":"","protected":false},"excerpt":{"rendered":"<p>Durch das Iller- bzw. Metzgertor f\u00fchrt die heutige St.-Mang-Br\u00fccke, die als Stra\u00dfenbr\u00fccke eine wichtige Verkehrsverbindung zur Kemptener Altstadt darstellt. Es zeigt auch das kleine Schloss Burghalde, die St. Mang Kirche und das \u00f6rtliche Wasserkraftwerk. Auch der obere Teil der St. Lorenz Basilika ist zu sehen.<\/p>","protected":false},"featured_media":2877,"template":"","meta":[],"product_brand":[],"product_cat":[33],"product_tag":[],"class_list":{"0":"post-2049","1":"product","2":"type-product","3":"status-publish","4":"has-post-thumbnail","6":"product_cat-fine-art-print","8":"first","9":"instock","10":"shipping-taxable","11":"product-type-simple"},"_links":{"self":[{"href":"https:\/\/chriswildphoto.com\/de\/wp-json\/wp\/v2\/product\/2049","targetHints":{"allow":["GET"]}}],"collection":[{"href":"https:\/\/chriswildphoto.com\/de\/wp-json\/wp\/v2\/product"}],"about":[{"href":"https:\/\/chriswildphoto.com\/de\/wp-json\/wp\/v2\/types\/product"}],"version-history":[{"count":1,"href":"https:\/\/chriswildphoto.com\/de\/wp-json\/wp\/v2\/product\/2049\/revisions"}],"predecessor-version":[{"id":13194,"href":"https:\/\/chriswildphoto.com\/de\/wp-json\/wp\/v2\/product\/2049\/revisions\/13194"}],"wp:featuredmedia":[{"embeddable":true,"href":"https:\/\/chriswildphoto.com\/de\/wp-json\/wp\/v2\/media\/2877"}],"wp:attachment":[{"href":"https:\/\/chriswildphoto.com\/de\/wp-json\/wp\/v2\/media?parent=2049"}],"wp:term":[{"taxonomy":"product_brand","embeddable":true,"href":"https:\/\/chriswildphoto.com\/de\/wp-json\/wp\/v2\/product_brand?post=2049"},{"taxonomy":"product_cat","embeddable":true,"href":"https:\/\/chriswildphoto.com\/de\/wp-json\/wp\/v2\/product_cat?post=2049"},{"taxonomy":"product_tag","embeddable":true,"href":"https:\/\/chriswildphoto.com\/de\/wp-json\/wp\/v2\/product_tag?post=2049"}],"curies":[{"name":"wp","href":"https:\/\/api.w.org\/{rel}","templated":true}]}}