{"id":2050,"date":"2018-09-19T06:20:30","date_gmt":"2018-09-19T06:20:30","guid":{"rendered":"http:\/\/localhost\/myphpUbuntu\/WordPress\/ChrisWildPhotography\/?post_type=product&#038;p=1477"},"modified":"2024-04-08T13:48:54","modified_gmt":"2024-04-08T13:48:54","slug":"jochpass-bad-hindelang-bad-oberdorf-fine-art","status":"publish","type":"product","link":"https:\/\/chriswildphoto.com\/de\/produkt\/jochpass-bad-hindelang-bad-oberdorf-fine-art\/","title":{"rendered":"Aussichtspunkt Jochpass bei Bad Oberdorf und Bad Hindelang"},"content":{"rendered":"","protected":false},"excerpt":{"rendered":"<p>Die Passstra\u00dfe Jochpass f\u00fchrt \u00fcber 100 Kurven von Bad Hindelang 300 Meter hinauf zum Oberjochpass, der mit 1.178 Metern \u00fcber Meer seinen h\u00f6chsten Punkt erreicht. Die Passstra\u00dfe verbindet das deutsche Allg\u00e4u mit dem Tannheimer Tal in \u00d6sterreich.<\/p>\n<p>Vom Aussichtspunkt Kanzel genie\u00dfen Autofahrer und Motorradfahrer sowie Rennradfahrer und Wanderer einen unglaublichen Panoramablick \u00fcber Bad Hindelang und Bad Oberdorf und das gesamte Ostrachtal.<\/p>","protected":false},"featured_media":2887,"template":"","meta":[],"product_brand":[],"product_cat":[33],"product_tag":[],"class_list":{"0":"post-2050","1":"product","2":"type-product","3":"status-publish","4":"has-post-thumbnail","6":"product_cat-fine-art-print","8":"first","9":"instock","10":"shipping-taxable","11":"product-type-simple"},"_links":{"self":[{"href":"https:\/\/chriswildphoto.com\/de\/wp-json\/wp\/v2\/product\/2050","targetHints":{"allow":["GET"]}}],"collection":[{"href":"https:\/\/chriswildphoto.com\/de\/wp-json\/wp\/v2\/product"}],"about":[{"href":"https:\/\/chriswildphoto.com\/de\/wp-json\/wp\/v2\/types\/product"}],"version-history":[{"count":1,"href":"https:\/\/chriswildphoto.com\/de\/wp-json\/wp\/v2\/product\/2050\/revisions"}],"predecessor-version":[{"id":13196,"href":"https:\/\/chriswildphoto.com\/de\/wp-json\/wp\/v2\/product\/2050\/revisions\/13196"}],"wp:featuredmedia":[{"embeddable":true,"href":"https:\/\/chriswildphoto.com\/de\/wp-json\/wp\/v2\/media\/2887"}],"wp:attachment":[{"href":"https:\/\/chriswildphoto.com\/de\/wp-json\/wp\/v2\/media?parent=2050"}],"wp:term":[{"taxonomy":"product_brand","embeddable":true,"href":"https:\/\/chriswildphoto.com\/de\/wp-json\/wp\/v2\/product_brand?post=2050"},{"taxonomy":"product_cat","embeddable":true,"href":"https:\/\/chriswildphoto.com\/de\/wp-json\/wp\/v2\/product_cat?post=2050"},{"taxonomy":"product_tag","embeddable":true,"href":"https:\/\/chriswildphoto.com\/de\/wp-json\/wp\/v2\/product_tag?post=2050"}],"curies":[{"name":"wp","href":"https:\/\/api.w.org\/{rel}","templated":true}]}}