{"id":2051,"date":"2018-09-19T06:20:37","date_gmt":"2018-09-19T06:20:37","guid":{"rendered":"http:\/\/localhost\/myphpUbuntu\/WordPress\/ChrisWildPhotography\/?post_type=product&#038;p=1478"},"modified":"2024-04-08T13:49:03","modified_gmt":"2024-04-08T13:49:03","slug":"footpridge-lechsteg-across-lech-fuessen-fine-art","status":"publish","type":"product","link":"https:\/\/chriswildphoto.com\/de\/produkt\/footpridge-lechsteg-across-lech-fuessen-fine-art\/","title":{"rendered":"Fu\u00dfg\u00e4ngerbr\u00fccke \u00fcber den Lech bei F\u00fcssen zur Blauen Stunde"},"content":{"rendered":"","protected":false},"excerpt":{"rendered":"<p>Die Fu\u00dfg\u00e4ngerbr\u00fccke Lechsteg \u00fcberquert den Lech bei F\u00fcssen, einem rechten Nebenfluss der Donau. In der Ferne sichtbar ist das Benediktinerkloster St. Mang vor dem Hohen Schloss F\u00fcssen.<\/p>","protected":false},"featured_media":2878,"template":"","meta":[],"product_brand":[],"product_cat":[33],"product_tag":[],"class_list":{"0":"post-2051","1":"product","2":"type-product","3":"status-publish","4":"has-post-thumbnail","6":"product_cat-fine-art-print","8":"first","9":"instock","10":"shipping-taxable","11":"product-type-simple"},"_links":{"self":[{"href":"https:\/\/chriswildphoto.com\/de\/wp-json\/wp\/v2\/product\/2051","targetHints":{"allow":["GET"]}}],"collection":[{"href":"https:\/\/chriswildphoto.com\/de\/wp-json\/wp\/v2\/product"}],"about":[{"href":"https:\/\/chriswildphoto.com\/de\/wp-json\/wp\/v2\/types\/product"}],"version-history":[{"count":1,"href":"https:\/\/chriswildphoto.com\/de\/wp-json\/wp\/v2\/product\/2051\/revisions"}],"predecessor-version":[{"id":13197,"href":"https:\/\/chriswildphoto.com\/de\/wp-json\/wp\/v2\/product\/2051\/revisions\/13197"}],"wp:featuredmedia":[{"embeddable":true,"href":"https:\/\/chriswildphoto.com\/de\/wp-json\/wp\/v2\/media\/2878"}],"wp:attachment":[{"href":"https:\/\/chriswildphoto.com\/de\/wp-json\/wp\/v2\/media?parent=2051"}],"wp:term":[{"taxonomy":"product_brand","embeddable":true,"href":"https:\/\/chriswildphoto.com\/de\/wp-json\/wp\/v2\/product_brand?post=2051"},{"taxonomy":"product_cat","embeddable":true,"href":"https:\/\/chriswildphoto.com\/de\/wp-json\/wp\/v2\/product_cat?post=2051"},{"taxonomy":"product_tag","embeddable":true,"href":"https:\/\/chriswildphoto.com\/de\/wp-json\/wp\/v2\/product_tag?post=2051"}],"curies":[{"name":"wp","href":"https:\/\/api.w.org\/{rel}","templated":true}]}}