{"id":2053,"date":"2018-09-19T06:23:35","date_gmt":"2018-09-19T06:23:35","guid":{"rendered":"http:\/\/localhost\/myphpUbuntu\/WordPress\/ChrisWildPhotography\/?post_type=product&#038;p=1480"},"modified":"2024-04-08T13:49:18","modified_gmt":"2024-04-08T13:49:18","slug":"theresien-bridge-st-mang-monastery-fuessen-fine-art","status":"publish","type":"product","link":"https:\/\/chriswildphoto.com\/de\/produkt\/theresien-bridge-st-mang-monastery-fuessen-fine-art\/","title":{"rendered":"Theresien-Bridge below the St. Mang Monastery F\u00fcssen at Full Moon"},"content":{"rendered":"","protected":false},"excerpt":{"rendered":"<p>Die Theresienbr\u00fccke unter dem Kloster St. Mang war lange Zeit der einzige feste Lech\u00fcbergang in der Region. F\u00fcssen war ein wichtiger Rastplatz f\u00fcr Reisende, H\u00e4ndler und Truppen, die auf dem seit der R\u00f6merzeit bestehenden Alpentransversal \u00fcber Fernpass und Reschenpass unterwegs waren.<\/p>","protected":false},"featured_media":13206,"template":"","meta":[],"product_brand":[],"product_cat":[33],"product_tag":[],"class_list":{"0":"post-2053","1":"product","2":"type-product","3":"status-publish","4":"has-post-thumbnail","6":"product_cat-fine-art-print","8":"first","9":"instock","10":"shipping-taxable","11":"product-type-simple"},"_links":{"self":[{"href":"https:\/\/chriswildphoto.com\/de\/wp-json\/wp\/v2\/product\/2053","targetHints":{"allow":["GET"]}}],"collection":[{"href":"https:\/\/chriswildphoto.com\/de\/wp-json\/wp\/v2\/product"}],"about":[{"href":"https:\/\/chriswildphoto.com\/de\/wp-json\/wp\/v2\/types\/product"}],"version-history":[{"count":3,"href":"https:\/\/chriswildphoto.com\/de\/wp-json\/wp\/v2\/product\/2053\/revisions"}],"predecessor-version":[{"id":13207,"href":"https:\/\/chriswildphoto.com\/de\/wp-json\/wp\/v2\/product\/2053\/revisions\/13207"}],"wp:featuredmedia":[{"embeddable":true,"href":"https:\/\/chriswildphoto.com\/de\/wp-json\/wp\/v2\/media\/13206"}],"wp:attachment":[{"href":"https:\/\/chriswildphoto.com\/de\/wp-json\/wp\/v2\/media?parent=2053"}],"wp:term":[{"taxonomy":"product_brand","embeddable":true,"href":"https:\/\/chriswildphoto.com\/de\/wp-json\/wp\/v2\/product_brand?post=2053"},{"taxonomy":"product_cat","embeddable":true,"href":"https:\/\/chriswildphoto.com\/de\/wp-json\/wp\/v2\/product_cat?post=2053"},{"taxonomy":"product_tag","embeddable":true,"href":"https:\/\/chriswildphoto.com\/de\/wp-json\/wp\/v2\/product_tag?post=2053"}],"curies":[{"name":"wp","href":"https:\/\/api.w.org\/{rel}","templated":true}]}}