{"id":2054,"date":"2018-09-19T06:23:52","date_gmt":"2018-09-19T06:23:52","guid":{"rendered":"http:\/\/localhost\/myphpUbuntu\/WordPress\/ChrisWildPhotography\/?post_type=product&#038;p=1481"},"modified":"2025-02-12T15:49:50","modified_gmt":"2025-02-12T15:49:50","slug":"st-mang-monastery-fuessen-fine-art","status":"publish","type":"product","link":"https:\/\/chriswildphoto.com\/de\/produkt\/st-mang-monastery-fuessen-fine-art\/","title":{"rendered":"Blaue Stunde Kloster St. Mang in F\u00fcssen"},"content":{"rendered":"","protected":false},"excerpt":{"rendered":"<p>St. Magnus und das im 9. Jahrhundert als Nachfolger gegr\u00fcndete und nach ihm benannte Kloster St. Mang pr\u00e4gen seit Jahrhunderten die Geschichte von F\u00fcssen und der Region. F\u00fcssens Stadtpatron Magnus kam vermutlich im 8. Jahrhundert aus dem r\u00e4toromanischen Raum in die Region. Heute befinden sich im Kloster St. Mang die Stadtverwaltung F\u00fcssen und das Museum der Stadt F\u00fcssen.<\/p>","protected":false},"featured_media":13954,"template":"","meta":[],"product_brand":[],"product_cat":[33],"product_tag":[],"class_list":{"0":"post-2054","1":"product","2":"type-product","3":"status-publish","4":"has-post-thumbnail","6":"product_cat-fine-art-print","8":"first","9":"instock","10":"shipping-taxable","11":"product-type-simple"},"_links":{"self":[{"href":"https:\/\/chriswildphoto.com\/de\/wp-json\/wp\/v2\/product\/2054","targetHints":{"allow":["GET"]}}],"collection":[{"href":"https:\/\/chriswildphoto.com\/de\/wp-json\/wp\/v2\/product"}],"about":[{"href":"https:\/\/chriswildphoto.com\/de\/wp-json\/wp\/v2\/types\/product"}],"version-history":[{"count":1,"href":"https:\/\/chriswildphoto.com\/de\/wp-json\/wp\/v2\/product\/2054\/revisions"}],"predecessor-version":[{"id":13191,"href":"https:\/\/chriswildphoto.com\/de\/wp-json\/wp\/v2\/product\/2054\/revisions\/13191"}],"wp:featuredmedia":[{"embeddable":true,"href":"https:\/\/chriswildphoto.com\/de\/wp-json\/wp\/v2\/media\/13954"}],"wp:attachment":[{"href":"https:\/\/chriswildphoto.com\/de\/wp-json\/wp\/v2\/media?parent=2054"}],"wp:term":[{"taxonomy":"product_brand","embeddable":true,"href":"https:\/\/chriswildphoto.com\/de\/wp-json\/wp\/v2\/product_brand?post=2054"},{"taxonomy":"product_cat","embeddable":true,"href":"https:\/\/chriswildphoto.com\/de\/wp-json\/wp\/v2\/product_cat?post=2054"},{"taxonomy":"product_tag","embeddable":true,"href":"https:\/\/chriswildphoto.com\/de\/wp-json\/wp\/v2\/product_tag?post=2054"}],"curies":[{"name":"wp","href":"https:\/\/api.w.org\/{rel}","templated":true}]}}