{"id":2055,"date":"2018-09-19T06:23:43","date_gmt":"2018-09-19T06:23:43","guid":{"rendered":"http:\/\/localhost\/myphpUbuntu\/WordPress\/ChrisWildPhotography\/?post_type=product&#038;p=1482"},"modified":"2025-02-11T21:24:00","modified_gmt":"2025-02-11T21:24:00","slug":"allgaeu-riviera-hopfen-am-see-fine-art","status":"publish","type":"product","link":"https:\/\/chriswildphoto.com\/de\/produkt\/allgaeu-riviera-hopfen-am-see-fine-art\/","title":{"rendered":"Allg\u00e4u Riviera &#8211; Hopfen am See"},"content":{"rendered":"","protected":false},"excerpt":{"rendered":"<p>Der Hopfensee ist der Badesee mit der wohl sch\u00f6nsten Aussicht im Allg\u00e4u. Nicht umsonst wird die Stadt Hopfen, in der sich der Hopfensee befindet, auch Allg\u00e4uer Riviera genannt.<\/p>","protected":false},"featured_media":13901,"template":"","meta":[],"product_brand":[],"product_cat":[33],"product_tag":[],"class_list":{"0":"post-2055","1":"product","2":"type-product","3":"status-publish","4":"has-post-thumbnail","6":"product_cat-fine-art-print","8":"first","9":"instock","10":"shipping-taxable","11":"product-type-simple"},"_links":{"self":[{"href":"https:\/\/chriswildphoto.com\/de\/wp-json\/wp\/v2\/product\/2055","targetHints":{"allow":["GET"]}}],"collection":[{"href":"https:\/\/chriswildphoto.com\/de\/wp-json\/wp\/v2\/product"}],"about":[{"href":"https:\/\/chriswildphoto.com\/de\/wp-json\/wp\/v2\/types\/product"}],"version-history":[{"count":1,"href":"https:\/\/chriswildphoto.com\/de\/wp-json\/wp\/v2\/product\/2055\/revisions"}],"predecessor-version":[{"id":13192,"href":"https:\/\/chriswildphoto.com\/de\/wp-json\/wp\/v2\/product\/2055\/revisions\/13192"}],"wp:featuredmedia":[{"embeddable":true,"href":"https:\/\/chriswildphoto.com\/de\/wp-json\/wp\/v2\/media\/13901"}],"wp:attachment":[{"href":"https:\/\/chriswildphoto.com\/de\/wp-json\/wp\/v2\/media?parent=2055"}],"wp:term":[{"taxonomy":"product_brand","embeddable":true,"href":"https:\/\/chriswildphoto.com\/de\/wp-json\/wp\/v2\/product_brand?post=2055"},{"taxonomy":"product_cat","embeddable":true,"href":"https:\/\/chriswildphoto.com\/de\/wp-json\/wp\/v2\/product_cat?post=2055"},{"taxonomy":"product_tag","embeddable":true,"href":"https:\/\/chriswildphoto.com\/de\/wp-json\/wp\/v2\/product_tag?post=2055"}],"curies":[{"name":"wp","href":"https:\/\/api.w.org\/{rel}","templated":true}]}}