{"id":3361,"date":"2021-06-29T22:22:28","date_gmt":"2021-06-29T22:22:28","guid":{"rendered":"http:\/\/localhost\/myphpUbuntu\/WordPress\/ChrisWildPhotography\/?post_type=product&#038;p=3361"},"modified":"2024-04-08T13:49:44","modified_gmt":"2024-04-08T13:49:44","slug":"orangery-kempten-fine-art","status":"publish","type":"product","link":"https:\/\/chriswildphoto.com\/de\/produkt\/orangery-kempten-fine-art\/","title":{"rendered":"Orangerie in Kempten in der Abendd\u00e4mmerung"},"content":{"rendered":"","protected":false},"excerpt":{"rendered":"<p>Die Orangerie in Kempten ist ein sp\u00e4tbarocker Bau mit klassizistischen Formen, der 1780 als n\u00f6rdlicher Abschluss des Hofgartens errichtet wurde. Die Stadtbibliothek ist seit 1963 im denkmalgesch\u00fctzten Geb\u00e4ude untergebracht.<\/p>","protected":false},"featured_media":2883,"template":"","meta":[],"product_brand":[],"product_cat":[33],"product_tag":[],"class_list":{"0":"post-3361","1":"product","2":"type-product","3":"status-publish","4":"has-post-thumbnail","6":"product_cat-fine-art-print","8":"first","9":"instock","10":"shipping-taxable","11":"product-type-simple"},"_links":{"self":[{"href":"https:\/\/chriswildphoto.com\/de\/wp-json\/wp\/v2\/product\/3361","targetHints":{"allow":["GET"]}}],"collection":[{"href":"https:\/\/chriswildphoto.com\/de\/wp-json\/wp\/v2\/product"}],"about":[{"href":"https:\/\/chriswildphoto.com\/de\/wp-json\/wp\/v2\/types\/product"}],"version-history":[{"count":1,"href":"https:\/\/chriswildphoto.com\/de\/wp-json\/wp\/v2\/product\/3361\/revisions"}],"predecessor-version":[{"id":13190,"href":"https:\/\/chriswildphoto.com\/de\/wp-json\/wp\/v2\/product\/3361\/revisions\/13190"}],"wp:featuredmedia":[{"embeddable":true,"href":"https:\/\/chriswildphoto.com\/de\/wp-json\/wp\/v2\/media\/2883"}],"wp:attachment":[{"href":"https:\/\/chriswildphoto.com\/de\/wp-json\/wp\/v2\/media?parent=3361"}],"wp:term":[{"taxonomy":"product_brand","embeddable":true,"href":"https:\/\/chriswildphoto.com\/de\/wp-json\/wp\/v2\/product_brand?post=3361"},{"taxonomy":"product_cat","embeddable":true,"href":"https:\/\/chriswildphoto.com\/de\/wp-json\/wp\/v2\/product_cat?post=3361"},{"taxonomy":"product_tag","embeddable":true,"href":"https:\/\/chriswildphoto.com\/de\/wp-json\/wp\/v2\/product_tag?post=3361"}],"curies":[{"name":"wp","href":"https:\/\/api.w.org\/{rel}","templated":true}]}}