{"id":3658,"date":"2021-07-04T20:42:20","date_gmt":"2021-07-04T20:42:20","guid":{"rendered":"http:\/\/localhost\/myphpUbuntu\/WordPress\/ChrisWildPhotography\/?post_type=product&#038;p=3658"},"modified":"2025-02-11T20:59:54","modified_gmt":"2025-02-11T20:59:54","slug":"dramatic-sunset-castle-neuschwanstein","status":"publish","type":"product","link":"https:\/\/chriswildphoto.com\/de\/produkt\/dramatic-sunset-castle-neuschwanstein\/","title":{"rendered":"Dramatischer Sonnenuntergang am Schloss Neuschwanstein"},"content":{"rendered":"","protected":false},"excerpt":{"rendered":"<p>Heute z\u00e4hlt Neuschwanstein bei F\u00fcssen zu den meistbesuchten Schl\u00f6ssern und Burgen Europas. Rund 1,4 Millionen Menschen besuchen j\u00e4hrlich \u201edas Schloss des M\u00e4rchenk\u00f6nigs\u201c, das malerischste der drei Schl\u00f6sser von K\u00f6nig Ludwig II. F\u00fcssen ist die h\u00f6chstgelegene Stadt Bayerns und die Stadt von K\u00f6nig Ludwig II., zwischen Alpengipfeln und einem Seenparadies im Allg\u00e4u, der s\u00fcdlichsten Idylle Deutschlands.<\/p>","protected":false},"featured_media":13900,"template":"","meta":[],"product_brand":[],"product_cat":[33],"product_tag":[],"class_list":{"0":"post-3658","1":"product","2":"type-product","3":"status-publish","4":"has-post-thumbnail","6":"product_cat-fine-art-print","8":"first","9":"instock","10":"shipping-taxable","11":"product-type-simple"},"_links":{"self":[{"href":"https:\/\/chriswildphoto.com\/de\/wp-json\/wp\/v2\/product\/3658","targetHints":{"allow":["GET"]}}],"collection":[{"href":"https:\/\/chriswildphoto.com\/de\/wp-json\/wp\/v2\/product"}],"about":[{"href":"https:\/\/chriswildphoto.com\/de\/wp-json\/wp\/v2\/types\/product"}],"version-history":[{"count":1,"href":"https:\/\/chriswildphoto.com\/de\/wp-json\/wp\/v2\/product\/3658\/revisions"}],"predecessor-version":[{"id":13188,"href":"https:\/\/chriswildphoto.com\/de\/wp-json\/wp\/v2\/product\/3658\/revisions\/13188"}],"wp:featuredmedia":[{"embeddable":true,"href":"https:\/\/chriswildphoto.com\/de\/wp-json\/wp\/v2\/media\/13900"}],"wp:attachment":[{"href":"https:\/\/chriswildphoto.com\/de\/wp-json\/wp\/v2\/media?parent=3658"}],"wp:term":[{"taxonomy":"product_brand","embeddable":true,"href":"https:\/\/chriswildphoto.com\/de\/wp-json\/wp\/v2\/product_brand?post=3658"},{"taxonomy":"product_cat","embeddable":true,"href":"https:\/\/chriswildphoto.com\/de\/wp-json\/wp\/v2\/product_cat?post=3658"},{"taxonomy":"product_tag","embeddable":true,"href":"https:\/\/chriswildphoto.com\/de\/wp-json\/wp\/v2\/product_tag?post=3658"}],"curies":[{"name":"wp","href":"https:\/\/api.w.org\/{rel}","templated":true}]}}