{"id":3660,"date":"2021-07-04T20:43:51","date_gmt":"2021-07-04T20:43:51","guid":{"rendered":"http:\/\/localhost\/myphpUbuntu\/WordPress\/ChrisWildPhotography\/?post_type=product&#038;p=3660"},"modified":"2025-02-11T22:01:20","modified_gmt":"2025-02-11T22:01:20","slug":"sunset-at-hopfen-am-see","status":"publish","type":"product","link":"https:\/\/chriswildphoto.com\/de\/produkt\/sunset-at-hopfen-am-see\/","title":{"rendered":"Sonnenuntergang am Hopfensee"},"content":{"rendered":"","protected":false},"excerpt":{"rendered":"<p>Der Hopfensee ist der Badesee mit der wohl sch\u00f6nsten Aussicht im Allg\u00e4u. Nicht umsonst wird die Stadt Hopfen, in der sich der Hopfensee befindet, auch Allg\u00e4uer Riviera genannt.<\/p>","protected":false},"featured_media":13907,"template":"","meta":[],"product_brand":[],"product_cat":[33],"product_tag":[],"class_list":{"0":"post-3660","1":"product","2":"type-product","3":"status-publish","4":"has-post-thumbnail","6":"product_cat-fine-art-print","8":"first","9":"instock","10":"shipping-taxable","11":"product-type-simple"},"_links":{"self":[{"href":"https:\/\/chriswildphoto.com\/de\/wp-json\/wp\/v2\/product\/3660","targetHints":{"allow":["GET"]}}],"collection":[{"href":"https:\/\/chriswildphoto.com\/de\/wp-json\/wp\/v2\/product"}],"about":[{"href":"https:\/\/chriswildphoto.com\/de\/wp-json\/wp\/v2\/types\/product"}],"version-history":[{"count":1,"href":"https:\/\/chriswildphoto.com\/de\/wp-json\/wp\/v2\/product\/3660\/revisions"}],"predecessor-version":[{"id":13187,"href":"https:\/\/chriswildphoto.com\/de\/wp-json\/wp\/v2\/product\/3660\/revisions\/13187"}],"wp:featuredmedia":[{"embeddable":true,"href":"https:\/\/chriswildphoto.com\/de\/wp-json\/wp\/v2\/media\/13907"}],"wp:attachment":[{"href":"https:\/\/chriswildphoto.com\/de\/wp-json\/wp\/v2\/media?parent=3660"}],"wp:term":[{"taxonomy":"product_brand","embeddable":true,"href":"https:\/\/chriswildphoto.com\/de\/wp-json\/wp\/v2\/product_brand?post=3660"},{"taxonomy":"product_cat","embeddable":true,"href":"https:\/\/chriswildphoto.com\/de\/wp-json\/wp\/v2\/product_cat?post=3660"},{"taxonomy":"product_tag","embeddable":true,"href":"https:\/\/chriswildphoto.com\/de\/wp-json\/wp\/v2\/product_tag?post=3660"}],"curies":[{"name":"wp","href":"https:\/\/api.w.org\/{rel}","templated":true}]}}