{"id":4106,"date":"2021-07-16T22:52:23","date_gmt":"2021-07-16T22:52:23","guid":{"rendered":"https:\/\/chriswildphoto.com\/?post_type=product&#038;p=4106"},"modified":"2025-02-11T23:12:35","modified_gmt":"2025-02-11T23:12:35","slug":"sunset-overlooking-kempten","status":"publish","type":"product","link":"https:\/\/chriswildphoto.com\/de\/produkt\/sunset-overlooking-kempten\/","title":{"rendered":"Sonnenuntergang mit Blick auf Kempten"},"content":{"rendered":"","protected":false},"excerpt":{"rendered":"<p>Kempten, das ehemalige r\u00f6mische Cambodunum und heute die gr\u00f6\u00dfte Stadt des Allg\u00e4us, blickt auf eine 2000-j\u00e4hrige Geschichte zur\u00fcck. Im Arch\u00e4ologischen Park Cambodunum wird die R\u00f6merzeit lebendig.<\/p>\n<p>Das Stadtbild ist gepr\u00e4gt vom jahrhundertelangen Nebeneinander der ehemaligen Reichsstadt und der F\u00fcrstabtei Kempten mit ihrer benediktinischen Klosterkirche, der Basilika St. Lorenz.<\/p>","protected":false},"featured_media":13909,"template":"","meta":[],"product_brand":[],"product_cat":[33],"product_tag":[],"class_list":{"0":"post-4106","1":"product","2":"type-product","3":"status-publish","4":"has-post-thumbnail","6":"product_cat-fine-art-print","8":"first","9":"instock","10":"shipping-taxable","11":"product-type-simple"},"_links":{"self":[{"href":"https:\/\/chriswildphoto.com\/de\/wp-json\/wp\/v2\/product\/4106","targetHints":{"allow":["GET"]}}],"collection":[{"href":"https:\/\/chriswildphoto.com\/de\/wp-json\/wp\/v2\/product"}],"about":[{"href":"https:\/\/chriswildphoto.com\/de\/wp-json\/wp\/v2\/types\/product"}],"version-history":[{"count":1,"href":"https:\/\/chriswildphoto.com\/de\/wp-json\/wp\/v2\/product\/4106\/revisions"}],"predecessor-version":[{"id":13186,"href":"https:\/\/chriswildphoto.com\/de\/wp-json\/wp\/v2\/product\/4106\/revisions\/13186"}],"wp:featuredmedia":[{"embeddable":true,"href":"https:\/\/chriswildphoto.com\/de\/wp-json\/wp\/v2\/media\/13909"}],"wp:attachment":[{"href":"https:\/\/chriswildphoto.com\/de\/wp-json\/wp\/v2\/media?parent=4106"}],"wp:term":[{"taxonomy":"product_brand","embeddable":true,"href":"https:\/\/chriswildphoto.com\/de\/wp-json\/wp\/v2\/product_brand?post=4106"},{"taxonomy":"product_cat","embeddable":true,"href":"https:\/\/chriswildphoto.com\/de\/wp-json\/wp\/v2\/product_cat?post=4106"},{"taxonomy":"product_tag","embeddable":true,"href":"https:\/\/chriswildphoto.com\/de\/wp-json\/wp\/v2\/product_tag?post=4106"}],"curies":[{"name":"wp","href":"https:\/\/api.w.org\/{rel}","templated":true}]}}