{"id":5475,"date":"2021-12-06T19:39:02","date_gmt":"2021-12-06T19:39:02","guid":{"rendered":"https:\/\/chriswildphoto.com\/?post_type=product&#038;p=5475"},"modified":"2025-02-11T21:42:18","modified_gmt":"2025-02-11T21:42:18","slug":"sunset-overlooking-castle-ruin-hohenfreyberg","status":"publish","type":"product","link":"https:\/\/chriswildphoto.com\/de\/produkt\/sunset-overlooking-castle-ruin-hohenfreyberg\/","title":{"rendered":"Sonnenuntergang mit Blick auf Ruine Hohenfreyberg"},"content":{"rendered":"","protected":false},"excerpt":{"rendered":"<p>Die Burg Hohenfreyberg bildet zusammen mit der direkt gegen\u00fcber liegenden Burg Eisenberg eine Burgengruppe im s\u00fcdlichen Allg\u00e4u, rund vier Kilometer n\u00f6rdlich von Pfronten im Landkreis Ostallg\u00e4u.<\/p>\n<p>Der Sohn von Friedrich von Freyberg-Eisenberg baute 1418\u20131432 auf dem Nachbarh\u00fcgel gegen\u00fcber der Burg Hohenfreyberg die Burg Hohenfreyberg und nannte sich nach ihr Friedrich von Freyberg-Eisenberg zu Hohenfreyberg.<\/p>\n<p class=\"translation-block\">Das Schloss gilt als einer der letzten gro\u00dfen Neubauten des deutschen Mittelalters. In der n\u00e4heren Umgebung befinden sich zahlreiche weitere Burgen, Ruinen, Burgst\u00e4lle und Festungen, darunter die bekannte <a href=\"https:\/\/chriswildphoto.com\/de\/produkt\/castle-neuschwanstein-dramatic-sunset-fine-art\/ \" target=\"_self\">Schloss Neuschwanstein<\/a>, auf beiden Seiten der deutsch-\u00f6sterreichischen Grenze.<\/p>","protected":false},"featured_media":13905,"template":"","meta":[],"product_brand":[],"product_cat":[33],"product_tag":[],"class_list":{"0":"post-5475","1":"product","2":"type-product","3":"status-publish","4":"has-post-thumbnail","6":"product_cat-fine-art-print","8":"first","9":"instock","10":"shipping-taxable","11":"product-type-simple"},"_links":{"self":[{"href":"https:\/\/chriswildphoto.com\/de\/wp-json\/wp\/v2\/product\/5475","targetHints":{"allow":["GET"]}}],"collection":[{"href":"https:\/\/chriswildphoto.com\/de\/wp-json\/wp\/v2\/product"}],"about":[{"href":"https:\/\/chriswildphoto.com\/de\/wp-json\/wp\/v2\/types\/product"}],"version-history":[{"count":2,"href":"https:\/\/chriswildphoto.com\/de\/wp-json\/wp\/v2\/product\/5475\/revisions"}],"predecessor-version":[{"id":13903,"href":"https:\/\/chriswildphoto.com\/de\/wp-json\/wp\/v2\/product\/5475\/revisions\/13903"}],"wp:featuredmedia":[{"embeddable":true,"href":"https:\/\/chriswildphoto.com\/de\/wp-json\/wp\/v2\/media\/13905"}],"wp:attachment":[{"href":"https:\/\/chriswildphoto.com\/de\/wp-json\/wp\/v2\/media?parent=5475"}],"wp:term":[{"taxonomy":"product_brand","embeddable":true,"href":"https:\/\/chriswildphoto.com\/de\/wp-json\/wp\/v2\/product_brand?post=5475"},{"taxonomy":"product_cat","embeddable":true,"href":"https:\/\/chriswildphoto.com\/de\/wp-json\/wp\/v2\/product_cat?post=5475"},{"taxonomy":"product_tag","embeddable":true,"href":"https:\/\/chriswildphoto.com\/de\/wp-json\/wp\/v2\/product_tag?post=5475"}],"curies":[{"name":"wp","href":"https:\/\/api.w.org\/{rel}","templated":true}]}}