{"id":7544,"date":"2022-02-04T21:07:12","date_gmt":"2022-02-04T21:07:12","guid":{"rendered":"https:\/\/chriswildphoto.com\/?post_type=product&#038;p=7544"},"modified":"2025-02-10T01:19:34","modified_gmt":"2025-02-10T01:19:34","slug":"hofgarden-kempten-sunset","status":"publish","type":"product","link":"https:\/\/chriswildphoto.com\/de\/produkt\/hofgarden-kempten-sunset\/","title":{"rendered":"Hofgarten in Kempten bei Sonnenuntergang"},"content":{"rendered":"","protected":false},"excerpt":{"rendered":"<p>Die barocke f\u00fcrst\u00e4btliche Residenz in Kempten (Allg\u00e4u) mit der baulich verbundenen Basilika St.-Lorenz,  ist der erste monumentale Klosterkomplex, der in Deutschland nach dem Drei\u00dfigj\u00e4hrigen Krieg errichtet wurde. Die Residenz war zugleich F\u00fcrstensitz und Kloster. Heute dient die Residenz als Gerichtsgeb\u00e4ude f\u00fcr das Amts- und das Landgericht Kempten.<\/p>\n<p>Der Hofgarten Kempten liegt n\u00f6rdlich der Residenz und ist eine barocke Schlossgartenanlage. Einst als Nutzgarten zur Versorgung des Klosters angelegt, ist der Hofgarten heute beliebter Treffpunkt und idyllischer Erholungsort im Herzen der Stadt.<\/p>","protected":false},"featured_media":13896,"template":"","meta":[],"product_brand":[],"product_cat":[33],"product_tag":[],"class_list":{"0":"post-7544","1":"product","2":"type-product","3":"status-publish","4":"has-post-thumbnail","6":"product_cat-fine-art-print","8":"first","9":"instock","10":"shipping-taxable","11":"product-type-simple"},"_links":{"self":[{"href":"https:\/\/chriswildphoto.com\/de\/wp-json\/wp\/v2\/product\/7544","targetHints":{"allow":["GET"]}}],"collection":[{"href":"https:\/\/chriswildphoto.com\/de\/wp-json\/wp\/v2\/product"}],"about":[{"href":"https:\/\/chriswildphoto.com\/de\/wp-json\/wp\/v2\/types\/product"}],"version-history":[{"count":1,"href":"https:\/\/chriswildphoto.com\/de\/wp-json\/wp\/v2\/product\/7544\/revisions"}],"predecessor-version":[{"id":13184,"href":"https:\/\/chriswildphoto.com\/de\/wp-json\/wp\/v2\/product\/7544\/revisions\/13184"}],"wp:featuredmedia":[{"embeddable":true,"href":"https:\/\/chriswildphoto.com\/de\/wp-json\/wp\/v2\/media\/13896"}],"wp:attachment":[{"href":"https:\/\/chriswildphoto.com\/de\/wp-json\/wp\/v2\/media?parent=7544"}],"wp:term":[{"taxonomy":"product_brand","embeddable":true,"href":"https:\/\/chriswildphoto.com\/de\/wp-json\/wp\/v2\/product_brand?post=7544"},{"taxonomy":"product_cat","embeddable":true,"href":"https:\/\/chriswildphoto.com\/de\/wp-json\/wp\/v2\/product_cat?post=7544"},{"taxonomy":"product_tag","embeddable":true,"href":"https:\/\/chriswildphoto.com\/de\/wp-json\/wp\/v2\/product_tag?post=7544"}],"curies":[{"name":"wp","href":"https:\/\/api.w.org\/{rel}","templated":true}]}}